{"id":8,"date":"2017-02-07T10:17:09","date_gmt":"2017-02-07T09:17:09","guid":{"rendered":"http:\/\/studio1.graphie4.fr\/?page_id=8"},"modified":"2024-11-22T13:40:52","modified_gmt":"2024-11-22T12:40:52","slug":"a-propos-de","status":"publish","type":"page","link":"http:\/\/reddunesgallery.com\/?page_id=8","title":{"rendered":"\u00c0 propos de"},"content":{"rendered":"<p>&nbsp;<\/p>\n<p><strong>Red Dunes Gallery<\/strong> est une galerie cr\u00e9\u00e9e par <strong>C\u00e9line Emery-Demion<\/strong>, d\u2019origine franco-australienne, dans le but de promouvoir et faire partager la richesse picturale et culturelle aborig\u00e8ne.<br \/>\nAyant grandi et v\u00e9cu une vingtaine d\u2019ann\u00e9es sur cette \u00eele-continent, C\u00e9line a su appr\u00e9cier sa nature fascinante, sa faune incroyablement diverse, et ses immenses territoires. Gr\u00e2ce \u00e0 ses parents qui voyageaient r\u00e9guli\u00e8rement avec ses fr\u00e8res dans le bush \u00e0 la d\u00e9couverte du pays, elle a pu d\u00e9velopper d\u00e8s le plus jeune \u00e2ge un lien tr\u00e8s intime avec cette terre et sa beaut\u00e9.<\/p>\n<p>Cet attachement tr\u00e8s personnel aux terres australiennes l\u2019a men\u00e9e naturellement \u00e0 la d\u00e9couverte de l\u2019art aborig\u00e8ne il y a une dizaine d\u2019ann\u00e9es, et cette d\u00e9couverte s\u2019est transform\u00e9e en passion.<br \/>\nDe retour en France depuis trois ans, elle souhaite aujourd\u2019hui faire partager l\u2019\u00e9nergie et la puissance artistique de ce peuple, qui, malgr\u00e9 les pers\u00e9cutions du pass\u00e9 reste un peuple fort, militant sans cesse pour faire reconna\u00eetre sa place l\u00e9gitime dans la soci\u00e9t\u00e9 australienne.<\/p>\n","protected":false},"excerpt":{"rendered":"<p>&nbsp; Red Dunes Gallery est une galerie cr\u00e9\u00e9e par C\u00e9line Emery-Demion, d\u2019origine franco-australienne, dans le but de promouvoir et faire partager la richesse picturale et culturelle aborig\u00e8ne. Ayant grandi et v\u00e9cu une vingtaine d\u2019ann\u00e9es sur cette \u00eele-continent, C\u00e9line a su appr\u00e9cier sa nature fascinante, sa faune incroyablement diverse, et ses immenses territoires. Gr\u00e2ce \u00e0 ses [&hellip;]<\/p>\n","protected":false},"author":1,"featured_media":1647,"parent":0,"menu_order":0,"comment_status":"closed","ping_status":"closed","template":"","meta":{"footnotes":""},"_links":{"self":[{"href":"http:\/\/reddunesgallery.com\/index.php?rest_route=\/wp\/v2\/pages\/8"}],"collection":[{"href":"http:\/\/reddunesgallery.com\/index.php?rest_route=\/wp\/v2\/pages"}],"about":[{"href":"http:\/\/reddunesgallery.com\/index.php?rest_route=\/wp\/v2\/types\/page"}],"author":[{"embeddable":true,"href":"http:\/\/reddunesgallery.com\/index.php?rest_route=\/wp\/v2\/users\/1"}],"replies":[{"embeddable":true,"href":"http:\/\/reddunesgallery.com\/index.php?rest_route=%2Fwp%2Fv2%2Fcomments&post=8"}],"version-history":[{"count":15,"href":"http:\/\/reddunesgallery.com\/index.php?rest_route=\/wp\/v2\/pages\/8\/revisions"}],"predecessor-version":[{"id":1646,"href":"http:\/\/reddunesgallery.com\/index.php?rest_route=\/wp\/v2\/pages\/8\/revisions\/1646"}],"wp:featuredmedia":[{"embeddable":true,"href":"http:\/\/reddunesgallery.com\/index.php?rest_route=\/wp\/v2\/media\/1647"}],"wp:attachment":[{"href":"http:\/\/reddunesgallery.com\/index.php?rest_route=%2Fwp%2Fv2%2Fmedia&parent=8"}],"curies":[{"name":"wp","href":"https:\/\/api.w.org\/{rel}","templated":true}]}}